{"id":5,"date":"2022-06-03T15:17:03","date_gmt":"2022-06-03T13:17:03","guid":{"rendered":"http:\/\/clpc.mbitsrl.com\/?page_id=5"},"modified":"2022-06-21T12:43:24","modified_gmt":"2022-06-21T10:43:24","slug":"home","status":"publish","type":"page","link":"https:\/\/clpc.mbitsrl.com\/","title":{"rendered":"Home"},"content":{"rendered":"<p>Benvenuti sulla piattaforma dedicata all&#8217;archiviazione elettronica di MBiT s.r.l.<br \/>Attraverso questa piattaforma \u00e8 possibile accedere ai file inviatici al fine di mantenerne copia certificata nel tempo nonch\u00e8 accedere ai file in formato non certificato per uso puramente consultativo.<br \/>Grazie ai servizi disponibili per gli utenti registrati \u00e8 anche possibile ottenere richieste di archiviazione precompilate.<br \/>Tutti i servizi sono disponibili esclusivamente per gli utenti registrati ed identificati mediante login.<br \/>In virt\u00f9 di ci\u00f2 se siete gi\u00e0 registrati vi invitiamo ad accedere al sito inserendo le credenziali in vostro possesso nel form posto a latere, in caso contrario, vi invitiamo a contattarci al fine di ottenere un contratto di utilizzo con conseguente rilascio di credenziali.<br \/><a href=\"https:\/\/clpc.mbitsrl.com\/index.php\/login\/\">Vai alla pagina di login<\/a> e buona navigazione!<\/p>\n\n\n<p><\/p>\n","protected":false},"excerpt":{"rendered":"<p>Benvenuti sulla piattaforma dedicata all&#8217;archiviazione elettronica di MBiT s.r.l.Attraverso questa piattaforma \u00e8 possibile accedere ai file inviatici al fine di mantenerne copia certificata nel tempo nonch\u00e8 accedere ai file in formato non certificato per uso puramente consultativo.Grazie ai servizi disponibili per gli utenti registrati \u00e8 anche possibile ottenere richieste di archiviazione precompilate.Tutti i servizi sono [&hellip;]<\/p>\n","protected":false},"author":1,"featured_media":0,"parent":0,"menu_order":0,"comment_status":"closed","ping_status":"closed","template":"","meta":[],"_links":{"self":[{"href":"https:\/\/clpc.mbitsrl.com\/index.php\/wp-json\/wp\/v2\/pages\/5"}],"collection":[{"href":"https:\/\/clpc.mbitsrl.com\/index.php\/wp-json\/wp\/v2\/pages"}],"about":[{"href":"https:\/\/clpc.mbitsrl.com\/index.php\/wp-json\/wp\/v2\/types\/page"}],"author":[{"embeddable":true,"href":"https:\/\/clpc.mbitsrl.com\/index.php\/wp-json\/wp\/v2\/users\/1"}],"replies":[{"embeddable":true,"href":"https:\/\/clpc.mbitsrl.com\/index.php\/wp-json\/wp\/v2\/comments?post=5"}],"version-history":[{"count":3,"href":"https:\/\/clpc.mbitsrl.com\/index.php\/wp-json\/wp\/v2\/pages\/5\/revisions"}],"predecessor-version":[{"id":106,"href":"https:\/\/clpc.mbitsrl.com\/index.php\/wp-json\/wp\/v2\/pages\/5\/revisions\/106"}],"wp:attachment":[{"href":"https:\/\/clpc.mbitsrl.com\/index.php\/wp-json\/wp\/v2\/media?parent=5"}],"curies":[{"name":"wp","href":"https:\/\/api.w.org\/{rel}","templated":true}]}}